{"id":4934,"date":"2019-08-19T08:34:58","date_gmt":"2019-08-19T06:34:58","guid":{"rendered":"https:\/\/blog.yachtic.eu\/?page_id=4934"},"modified":"2024-07-15T02:16:15","modified_gmt":"2024-07-15T00:16:15","slug":"o-nas-de","status":"publish","type":"page","link":"https:\/\/blog.yachtic.com\/de\/o-nas-de\/","title":{"rendered":"O nas DE"},"content":{"rendered":"<p><strong>blog.yachtic.eu<\/strong> powsta\u0142 by porusza\u0107 tematy oraz wyja\u015bnia\u0107&nbsp;problemy, kt\u00f3re pojawiaj\u0105 si\u0119 w trakcie naszej codziennej pracy, kt\u00f3re wynikaj\u0105 z rozm\u00f3w z Wami, naszymi klientami. Staramy si\u0119 je na \u0142amach tego bloga w jak najlepszy spos\u00f3b opisywa\u0107, aby korzystanie z serwisu yachtic.com by\u0142o jeszcze \u0142atwiejsze i \u017ceby wypoczynek na jachtach kojarzy\u0142 Wam si\u0119 z samymi przyjemno\u015bciami \ud83d\ude42<\/p>\n<p><strong>YACHTIC.com<\/strong> to nowoczesny serwis czarterowania jacht\u00f3w <strong>online<\/strong>. Najwa\u017cniejsza jest dla nas wygoda &#8211; czarter jachtu wed\u0142ug nas powinien by\u0107 \u0142atwy dla ka\u017cdego, tak aby ka\u017cdy z Was m\u00f3g\u0142 go przeprowadzi\u0107 szybko i sprawnie, maj\u0105c r\u00f3wnocze\u015bnie mo\u017cliwo\u015b\u0107 kontrolowania ka\u017cdego etapu procesu rezerwacji. Chcemy zaoszcz\u0119dzi\u0107 Wasz czas i pieni\u0105dze \u2013 dzi\u0119ki czytelno\u015bci i \u0142atwo\u015bci obs\u0142ugi, staramy si\u0119 da\u0107 mo\u017cliwo\u015b\u0107 skorzystania z zawsze naj\u015bwie\u017cszych ofert czarteru online dobranych dok\u0142adnie do potrzeb, kt\u00f3re sam okre\u015blasz.<\/p>\n","protected":false},"excerpt":{"rendered":"<p>blog.yachtic.eu powsta\u0142 by porusza\u0107 tematy oraz wyja\u015bnia\u0107&nbsp;problemy, kt\u00f3re pojawiaj\u0105 si\u0119 w trakcie naszej codziennej pracy, kt\u00f3re wynikaj\u0105 z rozm\u00f3w z Wami, naszymi klientami. Staramy si\u0119 je na \u0142amach tego bloga w jak najlepszy spos\u00f3b opisywa\u0107, aby korzystanie z serwisu yachtic.com by\u0142o jeszcze \u0142atwiejsze i \u017ceby wypoczynek na jachtach kojarzy\u0142 Wam si\u0119 z samymi przyjemno\u015bciami \ud83d\ude42 [&hellip;]<\/p>\n","protected":false},"author":5,"featured_media":0,"parent":0,"menu_order":0,"comment_status":"closed","ping_status":"closed","template":"","meta":{"footnotes":""},"class_list":["post-4934","page","type-page","status-publish","hentry"],"acf":[],"yoast_head":"<!-- This site is optimized with the Yoast SEO plugin v27.5 - https:\/\/yoast.com\/product\/yoast-seo-wordpress\/ -->\n<title>O nas DE - YACHTIC.com Blog<\/title>\n<meta name=\"robots\" content=\"index, follow, max-snippet:-1, max-image-preview:large, max-video-preview:-1\" \/>\n<link rel=\"canonical\" href=\"https:\/\/blog.yachtic.com\/de\/o-nas-de\/\" \/>\n<meta property=\"og:locale\" content=\"de_DE\" \/>\n<meta property=\"og:type\" content=\"article\" \/>\n<meta property=\"og:title\" content=\"O nas DE - YACHTIC.com Blog\" \/>\n<meta property=\"og:description\" content=\"blog.yachtic.eu powsta\u0142 by porusza\u0107 tematy oraz wyja\u015bnia\u0107&nbsp;problemy, kt\u00f3re pojawiaj\u0105 si\u0119 w trakcie naszej codziennej pracy, kt\u00f3re wynikaj\u0105 z rozm\u00f3w z Wami, naszymi klientami. Staramy si\u0119 je na \u0142amach tego bloga w jak najlepszy spos\u00f3b opisywa\u0107, aby korzystanie z serwisu yachtic.com by\u0142o jeszcze \u0142atwiejsze i \u017ceby wypoczynek na jachtach kojarzy\u0142 Wam si\u0119 z samymi przyjemno\u015bciami \ud83d\ude42 [&hellip;]\" \/>\n<meta property=\"og:url\" content=\"https:\/\/blog.yachtic.com\/de\/o-nas-de\/\" \/>\n<meta property=\"og:site_name\" content=\"YACHTIC.com Blog\" \/>\n<meta property=\"article:publisher\" content=\"https:\/\/www.facebook.com\/yachtic\" \/>\n<meta property=\"article:modified_time\" content=\"2024-07-15T00:16:15+00:00\" \/>\n<meta name=\"twitter:card\" content=\"summary_large_image\" \/>\n<meta name=\"twitter:site\" content=\"@Yachticeu\" \/>\n<meta name=\"twitter:label1\" content=\"Gesch\u00e4tzte Lesezeit\" \/>\n\t<meta name=\"twitter:data1\" content=\"1\u00a0Minute\" \/>\n<script type=\"application\/ld+json\" class=\"yoast-schema-graph\">{\"@context\":\"https:\\\/\\\/schema.org\",\"@graph\":[{\"@type\":\"WebPage\",\"@id\":\"https:\\\/\\\/blog.yachtic.com\\\/de\\\/o-nas-de\\\/\",\"url\":\"https:\\\/\\\/blog.yachtic.com\\\/de\\\/o-nas-de\\\/\",\"name\":\"O nas DE - YACHTIC.com Blog\",\"isPartOf\":{\"@id\":\"https:\\\/\\\/blog.yachtic.com\\\/#website\"},\"datePublished\":\"2019-08-19T06:34:58+00:00\",\"dateModified\":\"2024-07-15T00:16:15+00:00\",\"breadcrumb\":{\"@id\":\"https:\\\/\\\/blog.yachtic.com\\\/de\\\/o-nas-de\\\/#breadcrumb\"},\"inLanguage\":\"de\",\"potentialAction\":[{\"@type\":\"ReadAction\",\"target\":[\"https:\\\/\\\/blog.yachtic.com\\\/de\\\/o-nas-de\\\/\"]}]},{\"@type\":\"BreadcrumbList\",\"@id\":\"https:\\\/\\\/blog.yachtic.com\\\/de\\\/o-nas-de\\\/#breadcrumb\",\"itemListElement\":[{\"@type\":\"ListItem\",\"position\":1,\"name\":\"Strona g\u0142\u00f3wna\",\"item\":\"https:\\\/\\\/blog.yachtic.com\\\/\"},{\"@type\":\"ListItem\",\"position\":2,\"name\":\"O nas DE\"}]},{\"@type\":\"WebSite\",\"@id\":\"https:\\\/\\\/blog.yachtic.com\\\/#website\",\"url\":\"https:\\\/\\\/blog.yachtic.com\\\/\",\"name\":\"YACHTIC.com Blog\",\"description\":\"\",\"potentialAction\":[{\"@type\":\"SearchAction\",\"target\":{\"@type\":\"EntryPoint\",\"urlTemplate\":\"https:\\\/\\\/blog.yachtic.com\\\/?s={search_term_string}\"},\"query-input\":{\"@type\":\"PropertyValueSpecification\",\"valueRequired\":true,\"valueName\":\"search_term_string\"}}],\"inLanguage\":\"de\"}]}<\/script>\n<!-- \/ Yoast SEO plugin. -->","yoast_head_json":{"title":"O nas DE - YACHTIC.com Blog","robots":{"index":"index","follow":"follow","max-snippet":"max-snippet:-1","max-image-preview":"max-image-preview:large","max-video-preview":"max-video-preview:-1"},"canonical":"https:\/\/blog.yachtic.com\/de\/o-nas-de\/","og_locale":"de_DE","og_type":"article","og_title":"O nas DE - YACHTIC.com Blog","og_description":"blog.yachtic.eu powsta\u0142 by porusza\u0107 tematy oraz wyja\u015bnia\u0107&nbsp;problemy, kt\u00f3re pojawiaj\u0105 si\u0119 w trakcie naszej codziennej pracy, kt\u00f3re wynikaj\u0105 z rozm\u00f3w z Wami, naszymi klientami. Staramy si\u0119 je na \u0142amach tego bloga w jak najlepszy spos\u00f3b opisywa\u0107, aby korzystanie z serwisu yachtic.com by\u0142o jeszcze \u0142atwiejsze i \u017ceby wypoczynek na jachtach kojarzy\u0142 Wam si\u0119 z samymi przyjemno\u015bciami \ud83d\ude42 [&hellip;]","og_url":"https:\/\/blog.yachtic.com\/de\/o-nas-de\/","og_site_name":"YACHTIC.com Blog","article_publisher":"https:\/\/www.facebook.com\/yachtic","article_modified_time":"2024-07-15T00:16:15+00:00","twitter_card":"summary_large_image","twitter_site":"@Yachticeu","twitter_misc":{"Gesch\u00e4tzte Lesezeit":"1\u00a0Minute"},"schema":{"@context":"https:\/\/schema.org","@graph":[{"@type":"WebPage","@id":"https:\/\/blog.yachtic.com\/de\/o-nas-de\/","url":"https:\/\/blog.yachtic.com\/de\/o-nas-de\/","name":"O nas DE - YACHTIC.com Blog","isPartOf":{"@id":"https:\/\/blog.yachtic.com\/#website"},"datePublished":"2019-08-19T06:34:58+00:00","dateModified":"2024-07-15T00:16:15+00:00","breadcrumb":{"@id":"https:\/\/blog.yachtic.com\/de\/o-nas-de\/#breadcrumb"},"inLanguage":"de","potentialAction":[{"@type":"ReadAction","target":["https:\/\/blog.yachtic.com\/de\/o-nas-de\/"]}]},{"@type":"BreadcrumbList","@id":"https:\/\/blog.yachtic.com\/de\/o-nas-de\/#breadcrumb","itemListElement":[{"@type":"ListItem","position":1,"name":"Strona g\u0142\u00f3wna","item":"https:\/\/blog.yachtic.com\/"},{"@type":"ListItem","position":2,"name":"O nas DE"}]},{"@type":"WebSite","@id":"https:\/\/blog.yachtic.com\/#website","url":"https:\/\/blog.yachtic.com\/","name":"YACHTIC.com Blog","description":"","potentialAction":[{"@type":"SearchAction","target":{"@type":"EntryPoint","urlTemplate":"https:\/\/blog.yachtic.com\/?s={search_term_string}"},"query-input":{"@type":"PropertyValueSpecification","valueRequired":true,"valueName":"search_term_string"}}],"inLanguage":"de"}]}},"_links":{"self":[{"href":"https:\/\/blog.yachtic.com\/de\/wp-json\/wp\/v2\/pages\/4934","targetHints":{"allow":["GET"]}}],"collection":[{"href":"https:\/\/blog.yachtic.com\/de\/wp-json\/wp\/v2\/pages"}],"about":[{"href":"https:\/\/blog.yachtic.com\/de\/wp-json\/wp\/v2\/types\/page"}],"author":[{"embeddable":true,"href":"https:\/\/blog.yachtic.com\/de\/wp-json\/wp\/v2\/users\/5"}],"replies":[{"embeddable":true,"href":"https:\/\/blog.yachtic.com\/de\/wp-json\/wp\/v2\/comments?post=4934"}],"version-history":[{"count":1,"href":"https:\/\/blog.yachtic.com\/de\/wp-json\/wp\/v2\/pages\/4934\/revisions"}],"predecessor-version":[{"id":4935,"href":"https:\/\/blog.yachtic.com\/de\/wp-json\/wp\/v2\/pages\/4934\/revisions\/4935"}],"wp:attachment":[{"href":"https:\/\/blog.yachtic.com\/de\/wp-json\/wp\/v2\/media?parent=4934"}],"curies":[{"name":"wp","href":"https:\/\/api.w.org\/{rel}","templated":true}]}}